{"id":1462,"date":"2018-05-24T12:13:01","date_gmt":"2018-05-24T10:13:01","guid":{"rendered":"https:\/\/agenda2030.statistics.sk\/Agenda2030\/?page_id=1462"},"modified":"2026-01-28T12:14:27","modified_gmt":"2026-01-28T11:14:27","slug":"indikatory-globalna-uroven","status":"publish","type":"page","link":"https:\/\/agenda2030.statistics.sk\/Agenda2030\/indikatory-globalna-uroven\/","title":{"rendered":"Indik\u00e1tory &#8211; Glob\u00e1lna \u00farove\u0148"},"content":{"rendered":"<div id=\"pl-1462\"  class=\"panel-layout\" ><div id=\"pg-1462-0\"  class=\"panel-grid panel-has-style\" ><div class=\"center-content aux-fold panel-row-style panel-row-style-for-1462-0\" data-stretch-type=\"boxed\" ><div id=\"pgc-1462-0-0\"  class=\"panel-grid-cell\" ><div id=\"panel-1462-0-0-0\" class=\"so-panel widget widget_text panel-first-child panel-last-child\" data-index=\"0\" >\t\t\t<div class=\"textwidget\"><h2 class=\"first\">Glob\u00e1lna \u00farove\u0148<\/h2>\n<p>Pokrok v dosahovan\u00ed cie\u013eov Agendy 2030 sa meria prostredn\u00edctvom indik\u00e1torov udr\u017eate\u013en\u00e9ho rozvoja. <a title=\"(Do nov\u00e9ho okna)\" href=\"https:\/\/unstats.un.org\/sdgs\/indicators\/indicators-list\/\" target=\"_blank\" rel=\"noopener\">Zoznam glob\u00e1lnych indik\u00e1torov<\/a> bol schv\u00e1len\u00fd Valn\u00fdm zhroma\u017eden\u00edm OSN v j\u00fali 2017. V roku 2017 kone\u010dn\u00fd s\u00fabor indik\u00e1torov pozost\u00e1val z 244 indik\u00e1torov, z toho bolo 232 jedine\u010dn\u00fdch. V marci 2020 bola vykonan\u00e1 komplexn\u00e1 rev\u00edzia, v ktorej bol po\u010det indik\u00e1torov nav\u00fd\u0161en\u00fd na 247 (o 3), z toho bolo 231 jedine\u010dn\u00fdch. Posledn\u00e1 komplexn\u00e1 rev\u00edzia indik\u00e1torov bola v roku 2025. \u00a0<a title=\"(Do nov\u00e9ho okna)\" href=\"https:\/\/unstats.un.org\/sdgs\/indicators\/indicators-list\/\" target=\"_blank\" rel=\"noopener\">Kone\u010dn\u00fd s\u00fabor indik\u00e1torov<\/a> pozost\u00e1va z 251 indik\u00e1torov, z toho je 234 jedine\u010dn\u00fdch. <a title=\"(Do nov\u00e9ho okna)\" href=\"https:\/\/unstats.un.org\/sdgs\/indicators\/database\/?area=MDG_WORLD\" target=\"_blank\" rel=\"noopener\">\u00dadaje k indik\u00e1torom<\/a> za jednotliv\u00e9 krajiny s\u00fa zverej\u0148ovan\u00e9 na str\u00e1nke OSN, v\u00a0glob\u00e1lnej datab\u00e1ze, spolu s <a title=\"(Do nov\u00e9ho okna)\" href=\"https:\/\/unstats.un.org\/sdgs\/metadata\/\" target=\"_blank\" rel=\"noopener\">metad\u00e1tami<\/a> k\u00a0indik\u00e1torom. Z datab\u00e1zy OSN SDG indik\u00e1torov je vytvoren\u00fd za jednotliv\u00e9 krajiny <a title=\"(Do nov\u00e9ho okna)\" href=\"https:\/\/unstats.un.org\/sdgs\/dataportal\/countryprofiles\/svk\" target=\"_blank\" rel=\"noopener\">Profil krajiny.<\/a><\/p>\n<p>Indik\u00e1tory s\u00fa z\u00e1kladn\u00fdm n\u00e1strojom na monitorovanie dosiahnut\u00e9ho pokroku smerom k\u00a0nap\u013a\u0148aniu cie\u013eov Agendy 2030 a\u00a0okrem toho sl\u00fa\u017eia aj na sledovanie a\u00a0monitorovanie n\u00e1rodn\u00e9ho rozvoja a\u00a0posudzovania \u00fa\u010dinnosti prij\u00edman\u00fdch opatren\u00ed.<\/p>\n<p>Indik\u00e1tory s\u00fa rozdelen\u00e9 do troch skup\u00edn pod\u013ea <a title=\"(Do nov\u00e9ho okna)\" href=\"https:\/\/unstats.un.org\/sdgs\/iaeg-sdgs\/tier-classification\/\" target=\"_blank\" rel=\"noopener\">krit\u00e9ri\u00ed<\/a>, \u010di existuje schv\u00e1len\u00e1 metodol\u00f3gia na v\u00fdpo\u010det d\u00e1t a \u010di existuj\u00fa k dan\u00e9mu indik\u00e1toru \u00fadaje. Krit\u00e9ri\u00e1 klasifik\u00e1cie \u00farovn\u00ed:<br \/>\n\u00darove\u0148 I (Tier I): Existuje schv\u00e1len\u00e1 metodol\u00f3gia a s\u00fa dostupn\u00e9 aj \u00fadaje k indik\u00e1toru.<br \/>\n\u00darove\u0148 II (Tier II): Je schv\u00e1len\u00e1 metodol\u00f3gia, ale \u00fadaje s\u00fa \u010diasto\u010dne dostupn\u00e9.<br \/>\n\u00darove\u0148 III (Tier III): Nie je schv\u00e1len\u00e1 metodol\u00f3gia a nie s\u00fa dostupn\u00e9 \u00fadaje. V s\u00fa\u010dasnosti u\u017e glob\u00e1lny r\u00e1mec indik\u00e1torov neobsahuje \u017eiadne indik\u00e1tory Tier III.<\/p>\n<p>&nbsp;<\/p>\n<p>V nasleduj\u00facej tabu\u013eke je preh\u013ead po\u010dtu indik\u00e1torov v\u00a0Tier \u00farovniach a\u00a0ich po\u010det po komplexn\u00fdch rev\u00edzi\u00e1ch v\u00a0rokoch 2020 a\u00a02025:<\/p>\n<p><em>Tabu\u013eka 1 Preh\u013ead po\u010dtu indik\u00e1torov v Tier \u00farovniach<\/em><\/p>\n<table width=\"0\">\n<tbody>\n<tr>\n<td rowspan=\"2\" width=\"94\"><strong>Rok rev\u00edzie<\/strong><\/td>\n<td colspan=\"6\" width=\"463\"><strong>\u00a0 \u00a0 \u00a0 \u00a0 \u00a0 \u00a0 \u00a0 \u00a0 \u00a0 \u00a0 \u00a0 \u00a0 \u00a0 \u00a0 \u00a0 \u00a0 \u00a0 \u00a0 \u00a0 \u00a0 \u00a0 \u00a0 Po\u010det indik\u00e1torov\u00a0 <\/strong><\/td>\n<\/tr>\n<tr>\n<td width=\"65\"><strong>Tier<\/strong><strong> I<\/strong><\/td>\n<td width=\"65\"><strong>Tier<\/strong><strong> II<\/strong><\/td>\n<td width=\"66\"><strong>Tier <\/strong><strong>III<\/strong><\/td>\n<td width=\"104\"><strong>rozdelen\u00fdch do r\u00f4znych \u00farovn\u00ed<\/strong><\/td>\n<td width=\"104\"><strong>\u010dakaj\u00facich na presk\u00famanie<\/strong><\/td>\n<td width=\"59\"><strong>\u00a0spolu<\/strong><\/td>\n<\/tr>\n<tr>\n<td width=\"94\">15.12.2017*<\/td>\n<td width=\"65\">\u00a0 \u00a0 \u00a093<\/td>\n<td width=\"65\">\u00a0 \u00a0 66<\/td>\n<td width=\"66\">\u00a0 \u00a0 68<\/td>\n<td width=\"104\">\u00a0 \u00a0 \u00a0 \u00a0 5<\/td>\n<td width=\"104\">\u00a0 \u00a0 \u00a0 \u00a0 \u00a0 \u00a00<\/td>\n<td width=\"59\">\u00a0 232<\/td>\n<\/tr>\n<tr>\n<td width=\"94\">28.12.2020<\/td>\n<td width=\"65\">\u00a0 \u00a0 130<\/td>\n<td width=\"65\">\u00a0 \u00a0 97<\/td>\n<td width=\"66\">\u00a0 \u00a0 \u00a00<\/td>\n<td width=\"104\">\u00a0 \u00a0 \u00a0 \u00a0 4<\/td>\n<td width=\"104\">\u00a0 \u00a0 \u00a0 \u00a0 \u00a0 \u00a00<\/td>\n<td width=\"59\">\u00a0 231<\/td>\n<\/tr>\n<tr>\n<td width=\"94\">10.04.2025<\/td>\n<td width=\"65\">\u00a0 \u00a0 161<\/td>\n<td width=\"65\">\u00a0 \u00a0 60<\/td>\n<td width=\"66\">\u00a0 \u00a0 \u00a00<\/td>\n<td width=\"104\">\u00a0 \u00a0 \u00a0 \u00a0 8<\/td>\n<td width=\"104\">\u00a0 \u00a0 \u00a0 \u00a0 \u00a0 \u00a05<\/td>\n<td width=\"59\">\u00a0 234<\/td>\n<\/tr>\n<\/tbody>\n<\/table>\n<p><em>Zdroj: \u0160tatistick\u00fd \u00farad SR, vlastn\u00e9 spracovanie<\/em><\/p>\n<p><em>*P\u00f4vodn\u00fd zoznam indik\u00e1torov schv\u00e1len\u00fd VZ OSN<\/em><\/p>\n<p>V\u00fdvojom metodol\u00f3gie je poveren\u00e1 <a title=\"(Do nov\u00e9ho okna)\" href=\"https:\/\/unstats.un.org\/sdgs\/iaeg-sdgs\/tier-classification\/\" target=\"_blank\" rel=\"noopener\">Expertn\u00e1 skupina pre indik\u00e1tory udr\u017eate\u013en\u00e9ho rozvoja (IAEG-SDGs)<\/a>. Indik\u00e1tory bud\u00fa revidovan\u00e9 v roku 2025.<\/p>\n<p><strong>Kliknite, pros\u00edm, na ikonu z nasleduj\u00faceho zoznamu, ak chcete vyh\u013eada\u0165 inform\u00e1cie a \u00fadaje k pr\u00edslu\u0161n\u00e9mu cie\u013eu.<br \/>\nPre zobrazenie zoznamu indik\u00e1torov po rev\u00edzii v apr\u00edli 2025 kliknite, pros\u00edm, na <a href=\"https:\/\/agenda2030.statistics.sk\/Agenda2030\/wp-content\/uploads\/2026\/01\/Zoznam_indikatorov_List_of_indicators_20260128.xlsx\">Zoznam indik\u00e1torov (xlsx, 87 kB)<\/a> alebo <a href=\"https:\/\/agenda2030.statistics.sk\/Agenda2030\/wp-content\/uploads\/2026\/01\/Zoznam_indikatorov_List_of_indicators_20260128.pdf\">Zoznam indik\u00e1torov (pdf, 966 kB)<\/a>.<\/strong><br \/>\n<em>\u0160tatistick\u00fd \u00farad SR na tejto str\u00e1nke poskytuje \u00fadaje pripraven\u00e9 na n\u00e1rodnej \u00farovni, ktor\u00e9 s\u00fa dostupn\u00e9 z n\u00e1rodnej datab\u00e1zy <a title=\"(Do nov\u00e9ho okna)\" href=\"https:\/\/slovak.statistics.sk\/wps\/portal\/ext\/Databases\/DATAcube_sk\/!ut\/p\/z1\/jY9BDoIwFETPwgk6tUVw-TFSahpi0SJ2Y1gYgxFwYTy_StwK_N0k72XmM88q5rv61VzrZ9N39f2TT355Jmvt3pQlVLlIoQVXyJ0D0ogdB8BGOk4STojzYgN9oJ0qtpJDhszP8UeAr48_R_j5a0WZjAwQGxVCU-aKlRUCJOb1jxRM-n5AxhZM_ZBnfXthj9Y5V-EmKQjeIIyZ1A!!\/dz\/d5\/L2dJQSEvUUt3QS80TmxFL1o2X1ZMUDhCQjFBME9RUDYwQUlLTjRTOUkwMlMz\/\" target=\"_blank\" rel=\"noopener\">DATAcube.<\/a>. Pr\u00edprava indik\u00e1torov a s n\u00edm s\u00favisiace monitorovanie pokroku je pokra\u010duj\u00faci proces, z uveden\u00e9ho d\u00f4vodu sa str\u00e1nky a datab\u00e1zy priebe\u017ene dop\u013a\u0148aj\u00fa a aktualizuj\u00fa.<\/em><\/p>\n<\/div>\n\t\t<\/div><\/div><\/div><\/div><div id=\"pg-1462-1\"  class=\"panel-grid panel-has-style\" ><div class=\"center-content aux-fold panel-row-style panel-row-style-for-1462-1\" data-stretch-type=\"boxed\" ><div id=\"pgc-1462-1-0\"  class=\"panel-grid-cell\" ><section id=\"panel-1462-1-0-0\" class=\"widget-container aux-widget-text aux-parent-au7d8f12c5 so-panel widget widget_aux_text panel-first-child panel-last-child\" data-index=\"1\"  style=\"\"  >        <div class=\"aux-widget-advanced-text aux-wrap-style-simple aux-ico-pos-top aux-text-left aux-text-resp-left aux-text-widget-bg-cover  \" >\n        \n            \n            <div class=\"aux-text-inner aux-text-widget-content\">\n                                <div class=\"widget-content\">\n                                        <style type=\"text\/css\">\r\n\t#foogallery-gallery-1435 .fg-image {\r\n        width: 121px;\r\n    }\r\n<\/style>\r\n\t\t\t\t<div class=\"foogallery foogallery-container foogallery-default foogallery-lightbox-none fg-gutter-10 fg-center fg-default fg-light fg-hover-instant fg-ready\" id=\"foogallery-gallery-1435\" data-foogallery=\"{&quot;item&quot;:{&quot;showCaptionTitle&quot;:false,&quot;showCaptionDescription&quot;:false},&quot;lazy&quot;:true}\" >\r\n\t<div class=\"fg-item fg-type-iframe fg-idle\"><figure class=\"fg-item-inner\"><a href=\" https:\/\/agenda2030.statistics.sk\/Agenda2030\/indikatory-globalna-uroven-ciel-1\/\" target=\"_self\" data-attachment-id=\"1531\" data-type=\"iframe\" class=\"fg-thumb\"><span class=\"fg-image-wrap\"><img decoding=\"async\" width=\"121\" height=\"121\" class=\"skip-lazy fg-image\" data-src-fg=\"https:\/\/agenda2030.statistics.sk\/Agenda2030\/wp-content\/uploads\/2018\/05\/target1_121.jpg\" src=\"data:image\/svg+xml,%3Csvg%20xmlns%3D%22http%3A%2F%2Fwww.w3.org%2F2000%2Fsvg%22%20width%3D%22121%22%20height%3D%22121%22%20viewBox%3D%220%200%20121%20121%22%3E%3C%2Fsvg%3E\" loading=\"eager\"><\/span><span class=\"fg-image-overlay\"><\/span><\/a><figcaption class=\"fg-caption\"><div class=\"fg-caption-inner\"><\/div><\/figcaption><\/figure><div class=\"fg-loader\"><\/div><\/div><div class=\"fg-item fg-type-iframe fg-idle\"><figure class=\"fg-item-inner\"><a href=\"https:\/\/agenda2030.statistics.sk\/Agenda2030\/indikatory-globalna-uroven-ciel-2\/\" target=\"_self\" data-attachment-id=\"1532\" data-type=\"iframe\" class=\"fg-thumb\"><span class=\"fg-image-wrap\"><img decoding=\"async\" width=\"121\" height=\"121\" class=\"skip-lazy fg-image\" data-src-fg=\"https:\/\/agenda2030.statistics.sk\/Agenda2030\/wp-content\/uploads\/2018\/05\/target2_121.jpg\" src=\"data:image\/svg+xml,%3Csvg%20xmlns%3D%22http%3A%2F%2Fwww.w3.org%2F2000%2Fsvg%22%20width%3D%22121%22%20height%3D%22121%22%20viewBox%3D%220%200%20121%20121%22%3E%3C%2Fsvg%3E\" loading=\"eager\"><\/span><span class=\"fg-image-overlay\"><\/span><\/a><figcaption class=\"fg-caption\"><div class=\"fg-caption-inner\"><\/div><\/figcaption><\/figure><div class=\"fg-loader\"><\/div><\/div><div class=\"fg-item fg-type-iframe fg-idle\"><figure class=\"fg-item-inner\"><a href=\"https:\/\/agenda2030.statistics.sk\/Agenda2030\/indikatory-globalna-uroven-ciel-3\/\" target=\"_self\" data-attachment-id=\"1533\" data-type=\"iframe\" class=\"fg-thumb\"><span class=\"fg-image-wrap\"><img decoding=\"async\" width=\"121\" height=\"121\" class=\"skip-lazy fg-image\" data-src-fg=\"https:\/\/agenda2030.statistics.sk\/Agenda2030\/wp-content\/uploads\/2018\/05\/target3_121.jpg\" src=\"data:image\/svg+xml,%3Csvg%20xmlns%3D%22http%3A%2F%2Fwww.w3.org%2F2000%2Fsvg%22%20width%3D%22121%22%20height%3D%22121%22%20viewBox%3D%220%200%20121%20121%22%3E%3C%2Fsvg%3E\" loading=\"eager\"><\/span><span class=\"fg-image-overlay\"><\/span><\/a><figcaption class=\"fg-caption\"><div class=\"fg-caption-inner\"><\/div><\/figcaption><\/figure><div class=\"fg-loader\"><\/div><\/div><div class=\"fg-item fg-type-iframe fg-idle\"><figure class=\"fg-item-inner\"><a href=\"https:\/\/agenda2030.statistics.sk\/Agenda2030\/indikatory-globalna-uroven-ciel-4\/\" target=\"_self\" data-attachment-id=\"1534\" data-type=\"iframe\" class=\"fg-thumb\"><span class=\"fg-image-wrap\"><img decoding=\"async\" width=\"121\" height=\"121\" class=\"skip-lazy fg-image\" data-src-fg=\"https:\/\/agenda2030.statistics.sk\/Agenda2030\/wp-content\/uploads\/2018\/05\/target4_121.jpg\" src=\"data:image\/svg+xml,%3Csvg%20xmlns%3D%22http%3A%2F%2Fwww.w3.org%2F2000%2Fsvg%22%20width%3D%22121%22%20height%3D%22121%22%20viewBox%3D%220%200%20121%20121%22%3E%3C%2Fsvg%3E\" loading=\"eager\"><\/span><span class=\"fg-image-overlay\"><\/span><\/a><figcaption class=\"fg-caption\"><div class=\"fg-caption-inner\"><\/div><\/figcaption><\/figure><div class=\"fg-loader\"><\/div><\/div><div class=\"fg-item fg-type-iframe fg-idle\"><figure class=\"fg-item-inner\"><a href=\"https:\/\/agenda2030.statistics.sk\/Agenda2030\/indikatory-globalna-uroven-ciel-5\/\" data-attachment-id=\"1535\" data-type=\"iframe\" class=\"fg-thumb\"><span class=\"fg-image-wrap\"><img decoding=\"async\" width=\"121\" height=\"121\" class=\"skip-lazy fg-image\" data-src-fg=\"https:\/\/agenda2030.statistics.sk\/Agenda2030\/wp-content\/uploads\/2018\/05\/target5_121.jpg\" src=\"data:image\/svg+xml,%3Csvg%20xmlns%3D%22http%3A%2F%2Fwww.w3.org%2F2000%2Fsvg%22%20width%3D%22121%22%20height%3D%22121%22%20viewBox%3D%220%200%20121%20121%22%3E%3C%2Fsvg%3E\" loading=\"eager\"><\/span><span class=\"fg-image-overlay\"><\/span><\/a><figcaption class=\"fg-caption\"><div class=\"fg-caption-inner\"><\/div><\/figcaption><\/figure><div class=\"fg-loader\"><\/div><\/div><div class=\"fg-item fg-type-iframe fg-idle\"><figure class=\"fg-item-inner\"><a href=\"https:\/\/agenda2030.statistics.sk\/Agenda2030\/indikatory-globalna-uroven-ciel-6\/\" target=\"_self\" data-attachment-id=\"1536\" data-type=\"iframe\" class=\"fg-thumb\"><span class=\"fg-image-wrap\"><img decoding=\"async\" width=\"121\" height=\"121\" class=\"skip-lazy fg-image\" data-src-fg=\"https:\/\/agenda2030.statistics.sk\/Agenda2030\/wp-content\/uploads\/2018\/05\/target6_121.jpg\" src=\"data:image\/svg+xml,%3Csvg%20xmlns%3D%22http%3A%2F%2Fwww.w3.org%2F2000%2Fsvg%22%20width%3D%22121%22%20height%3D%22121%22%20viewBox%3D%220%200%20121%20121%22%3E%3C%2Fsvg%3E\" loading=\"eager\"><\/span><span class=\"fg-image-overlay\"><\/span><\/a><figcaption class=\"fg-caption\"><div class=\"fg-caption-inner\"><\/div><\/figcaption><\/figure><div class=\"fg-loader\"><\/div><\/div><div class=\"fg-item fg-type-iframe fg-idle\"><figure class=\"fg-item-inner\"><a href=\"https:\/\/agenda2030.statistics.sk\/Agenda2030\/indikatory-globalna-uroven-ciel-7\/\" data-attachment-id=\"1537\" data-type=\"iframe\" class=\"fg-thumb\"><span class=\"fg-image-wrap\"><img decoding=\"async\" width=\"121\" height=\"121\" class=\"skip-lazy fg-image\" data-src-fg=\"https:\/\/agenda2030.statistics.sk\/Agenda2030\/wp-content\/uploads\/2018\/05\/target7_121.jpg\" src=\"data:image\/svg+xml,%3Csvg%20xmlns%3D%22http%3A%2F%2Fwww.w3.org%2F2000%2Fsvg%22%20width%3D%22121%22%20height%3D%22121%22%20viewBox%3D%220%200%20121%20121%22%3E%3C%2Fsvg%3E\" loading=\"eager\"><\/span><span class=\"fg-image-overlay\"><\/span><\/a><figcaption class=\"fg-caption\"><div class=\"fg-caption-inner\"><\/div><\/figcaption><\/figure><div class=\"fg-loader\"><\/div><\/div><div class=\"fg-item fg-type-iframe fg-idle\"><figure class=\"fg-item-inner\"><a href=\"https:\/\/agenda2030.statistics.sk\/Agenda2030\/indikatory-globalna-uroven-ciel-8\/\" target=\"_self\" data-attachment-id=\"1538\" data-type=\"iframe\" class=\"fg-thumb\"><span class=\"fg-image-wrap\"><img decoding=\"async\" width=\"121\" height=\"121\" class=\"skip-lazy fg-image\" data-src-fg=\"https:\/\/agenda2030.statistics.sk\/Agenda2030\/wp-content\/uploads\/2018\/05\/target8_121.jpg\" src=\"data:image\/svg+xml,%3Csvg%20xmlns%3D%22http%3A%2F%2Fwww.w3.org%2F2000%2Fsvg%22%20width%3D%22121%22%20height%3D%22121%22%20viewBox%3D%220%200%20121%20121%22%3E%3C%2Fsvg%3E\" loading=\"eager\"><\/span><span class=\"fg-image-overlay\"><\/span><\/a><figcaption class=\"fg-caption\"><div class=\"fg-caption-inner\"><\/div><\/figcaption><\/figure><div class=\"fg-loader\"><\/div><\/div><div class=\"fg-item fg-type-iframe fg-idle\"><figure class=\"fg-item-inner\"><a href=\"https:\/\/agenda2030.statistics.sk\/Agenda2030\/indikatory-globalna-uroven-ciel-9\/\" target=\"_self\" data-attachment-id=\"1539\" data-type=\"iframe\" class=\"fg-thumb\"><span class=\"fg-image-wrap\"><img decoding=\"async\" width=\"121\" height=\"121\" class=\"skip-lazy fg-image\" data-src-fg=\"https:\/\/agenda2030.statistics.sk\/Agenda2030\/wp-content\/uploads\/2018\/05\/target9_121.jpg\" src=\"data:image\/svg+xml,%3Csvg%20xmlns%3D%22http%3A%2F%2Fwww.w3.org%2F2000%2Fsvg%22%20width%3D%22121%22%20height%3D%22121%22%20viewBox%3D%220%200%20121%20121%22%3E%3C%2Fsvg%3E\" loading=\"eager\"><\/span><span class=\"fg-image-overlay\"><\/span><\/a><figcaption class=\"fg-caption\"><div class=\"fg-caption-inner\"><\/div><\/figcaption><\/figure><div class=\"fg-loader\"><\/div><\/div><div class=\"fg-item fg-type-iframe fg-idle\"><figure class=\"fg-item-inner\"><a href=\"https:\/\/agenda2030.statistics.sk\/Agenda2030\/indikatory-globalna-uroven-ciel-10\/\" target=\"_self\" data-attachment-id=\"2007\" data-type=\"iframe\" class=\"fg-thumb\"><span class=\"fg-image-wrap\"><img decoding=\"async\" width=\"121\" height=\"121\" class=\"skip-lazy fg-image\" data-src-fg=\"https:\/\/agenda2030.statistics.sk\/Agenda2030\/wp-content\/uploads\/2018\/05\/target10_121SKnew.jpg\" src=\"data:image\/svg+xml,%3Csvg%20xmlns%3D%22http%3A%2F%2Fwww.w3.org%2F2000%2Fsvg%22%20width%3D%22121%22%20height%3D%22121%22%20viewBox%3D%220%200%20121%20121%22%3E%3C%2Fsvg%3E\" loading=\"eager\"><\/span><span class=\"fg-image-overlay\"><\/span><\/a><figcaption class=\"fg-caption\"><div class=\"fg-caption-inner\"><\/div><\/figcaption><\/figure><div class=\"fg-loader\"><\/div><\/div><div class=\"fg-item fg-type-iframe fg-idle\"><figure class=\"fg-item-inner\"><a href=\"https:\/\/agenda2030.statistics.sk\/Agenda2030\/indikatory-globalna-uroven-ciel-11\/\" target=\"_self\" data-attachment-id=\"1541\" data-type=\"iframe\" class=\"fg-thumb\"><span class=\"fg-image-wrap\"><img decoding=\"async\" width=\"121\" height=\"121\" class=\"skip-lazy fg-image\" data-src-fg=\"https:\/\/agenda2030.statistics.sk\/Agenda2030\/wp-content\/uploads\/2018\/05\/target11_121.jpg\" src=\"data:image\/svg+xml,%3Csvg%20xmlns%3D%22http%3A%2F%2Fwww.w3.org%2F2000%2Fsvg%22%20width%3D%22121%22%20height%3D%22121%22%20viewBox%3D%220%200%20121%20121%22%3E%3C%2Fsvg%3E\" loading=\"eager\"><\/span><span class=\"fg-image-overlay\"><\/span><\/a><figcaption class=\"fg-caption\"><div class=\"fg-caption-inner\"><\/div><\/figcaption><\/figure><div class=\"fg-loader\"><\/div><\/div><div class=\"fg-item fg-type-iframe fg-idle\"><figure class=\"fg-item-inner\"><a href=\"https:\/\/agenda2030.statistics.sk\/Agenda2030\/indikatory-globalna-uroven-ciel-12\/\" target=\"_self\" data-attachment-id=\"1542\" data-type=\"iframe\" class=\"fg-thumb\"><span class=\"fg-image-wrap\"><img decoding=\"async\" width=\"121\" height=\"121\" class=\"skip-lazy fg-image\" data-src-fg=\"https:\/\/agenda2030.statistics.sk\/Agenda2030\/wp-content\/uploads\/2018\/05\/target12_121.jpg\" src=\"data:image\/svg+xml,%3Csvg%20xmlns%3D%22http%3A%2F%2Fwww.w3.org%2F2000%2Fsvg%22%20width%3D%22121%22%20height%3D%22121%22%20viewBox%3D%220%200%20121%20121%22%3E%3C%2Fsvg%3E\" loading=\"eager\"><\/span><span class=\"fg-image-overlay\"><\/span><\/a><figcaption class=\"fg-caption\"><div class=\"fg-caption-inner\"><\/div><\/figcaption><\/figure><div class=\"fg-loader\"><\/div><\/div><div class=\"fg-item fg-type-iframe fg-idle\"><figure class=\"fg-item-inner\"><a href=\"https:\/\/agenda2030.statistics.sk\/Agenda2030\/indikatory-globalna-uroven-ciel-13\/\" target=\"_self\" data-attachment-id=\"1543\" data-type=\"iframe\" class=\"fg-thumb\"><span class=\"fg-image-wrap\"><img decoding=\"async\" width=\"121\" height=\"121\" class=\"skip-lazy fg-image\" data-src-fg=\"https:\/\/agenda2030.statistics.sk\/Agenda2030\/wp-content\/uploads\/2018\/05\/target13_121.jpg\" src=\"data:image\/svg+xml,%3Csvg%20xmlns%3D%22http%3A%2F%2Fwww.w3.org%2F2000%2Fsvg%22%20width%3D%22121%22%20height%3D%22121%22%20viewBox%3D%220%200%20121%20121%22%3E%3C%2Fsvg%3E\" loading=\"eager\"><\/span><span class=\"fg-image-overlay\"><\/span><\/a><figcaption class=\"fg-caption\"><div class=\"fg-caption-inner\"><\/div><\/figcaption><\/figure><div class=\"fg-loader\"><\/div><\/div><div class=\"fg-item fg-type-iframe fg-idle\"><figure class=\"fg-item-inner\"><a href=\"https:\/\/agenda2030.statistics.sk\/Agenda2030\/indikatory-globalna-uroven-ciel-14\/\" target=\"_self\" data-attachment-id=\"1544\" data-type=\"iframe\" class=\"fg-thumb\"><span class=\"fg-image-wrap\"><img decoding=\"async\" width=\"121\" height=\"121\" class=\"skip-lazy fg-image\" data-src-fg=\"https:\/\/agenda2030.statistics.sk\/Agenda2030\/wp-content\/uploads\/2018\/05\/target14_121.jpg\" src=\"data:image\/svg+xml,%3Csvg%20xmlns%3D%22http%3A%2F%2Fwww.w3.org%2F2000%2Fsvg%22%20width%3D%22121%22%20height%3D%22121%22%20viewBox%3D%220%200%20121%20121%22%3E%3C%2Fsvg%3E\" loading=\"eager\"><\/span><span class=\"fg-image-overlay\"><\/span><\/a><figcaption class=\"fg-caption\"><div class=\"fg-caption-inner\"><\/div><\/figcaption><\/figure><div class=\"fg-loader\"><\/div><\/div><div class=\"fg-item fg-type-iframe fg-idle\"><figure class=\"fg-item-inner\"><a href=\"https:\/\/agenda2030.statistics.sk\/Agenda2030\/indikatory-globalna-uroven-ciel-15\/\" target=\"_self\" data-attachment-id=\"1545\" data-type=\"iframe\" class=\"fg-thumb\"><span class=\"fg-image-wrap\"><img decoding=\"async\" width=\"121\" height=\"121\" class=\"skip-lazy fg-image\" data-src-fg=\"https:\/\/agenda2030.statistics.sk\/Agenda2030\/wp-content\/uploads\/2018\/05\/target15_121.jpg\" src=\"data:image\/svg+xml,%3Csvg%20xmlns%3D%22http%3A%2F%2Fwww.w3.org%2F2000%2Fsvg%22%20width%3D%22121%22%20height%3D%22121%22%20viewBox%3D%220%200%20121%20121%22%3E%3C%2Fsvg%3E\" loading=\"eager\"><\/span><span class=\"fg-image-overlay\"><\/span><\/a><figcaption class=\"fg-caption\"><div class=\"fg-caption-inner\"><\/div><\/figcaption><\/figure><div class=\"fg-loader\"><\/div><\/div><div class=\"fg-item fg-type-iframe fg-idle\"><figure class=\"fg-item-inner\"><a href=\"https:\/\/agenda2030.statistics.sk\/Agenda2030\/indikatory-globalna-uroven-ciel-16\/\" target=\"_self\" data-attachment-id=\"1546\" data-type=\"iframe\" class=\"fg-thumb\"><span class=\"fg-image-wrap\"><img decoding=\"async\" width=\"121\" height=\"121\" class=\"skip-lazy fg-image\" data-src-fg=\"https:\/\/agenda2030.statistics.sk\/Agenda2030\/wp-content\/uploads\/2018\/05\/target16_121.jpg\" src=\"data:image\/svg+xml,%3Csvg%20xmlns%3D%22http%3A%2F%2Fwww.w3.org%2F2000%2Fsvg%22%20width%3D%22121%22%20height%3D%22121%22%20viewBox%3D%220%200%20121%20121%22%3E%3C%2Fsvg%3E\" loading=\"eager\"><\/span><span class=\"fg-image-overlay\"><\/span><\/a><figcaption class=\"fg-caption\"><div class=\"fg-caption-inner\"><\/div><\/figcaption><\/figure><div class=\"fg-loader\"><\/div><\/div><div class=\"fg-item fg-type-iframe fg-idle\"><figure class=\"fg-item-inner\"><a href=\"https:\/\/agenda2030.statistics.sk\/Agenda2030\/indikatory-globalna-uroven-ciel-17\/\" data-attachment-id=\"1547\" data-type=\"iframe\" class=\"fg-thumb\"><span class=\"fg-image-wrap\"><img decoding=\"async\" width=\"121\" height=\"121\" class=\"skip-lazy fg-image\" data-src-fg=\"https:\/\/agenda2030.statistics.sk\/Agenda2030\/wp-content\/uploads\/2018\/05\/target17_121.jpg\" src=\"data:image\/svg+xml,%3Csvg%20xmlns%3D%22http%3A%2F%2Fwww.w3.org%2F2000%2Fsvg%22%20width%3D%22121%22%20height%3D%22121%22%20viewBox%3D%220%200%20121%20121%22%3E%3C%2Fsvg%3E\" loading=\"eager\"><\/span><span class=\"fg-image-overlay\"><\/span><\/a><figcaption class=\"fg-caption\"><div class=\"fg-caption-inner\"><\/div><\/figcaption><\/figure><div class=\"fg-loader\"><\/div><\/div><div class=\"fg-item fg-type-iframe fg-idle\"><figure class=\"fg-item-inner\"><a href=\"https:\/\/unstats.un.org\/sdgs\/indicators\/database\/\" target=\"_blank\" data-attachment-id=\"2937\" data-type=\"iframe\" class=\"last fg-thumb\"><span class=\"fg-image-wrap\"><img decoding=\"async\" width=\"121\" height=\"121\" class=\"skip-lazy fg-image\" data-src-fg=\"https:\/\/agenda2030.statistics.sk\/Agenda2030\/wp-content\/uploads\/2018\/07\/logo_SK_nonUN.jpg\" src=\"data:image\/svg+xml,%3Csvg%20xmlns%3D%22http%3A%2F%2Fwww.w3.org%2F2000%2Fsvg%22%20width%3D%22121%22%20height%3D%22121%22%20viewBox%3D%220%200%20121%20121%22%3E%3C%2Fsvg%3E\" loading=\"eager\"><\/span><span class=\"fg-image-overlay\"><\/span><\/a><figcaption class=\"fg-caption\"><div class=\"fg-caption-inner\"><\/div><\/figcaption><\/figure><div class=\"fg-loader\"><\/div><\/div><\/div>\r\n                <\/div>\n                            <\/div>\n        <\/div>\n                    <div class=\"aux-text-widget-footer\">\n                <div class=\"aux-border-shape-none \">\n                                <\/div>\n            <\/div>\n        \n<\/section><\/div><\/div><\/div><\/div><p class=\"last-updated\">Posledn\u00e1 aktualiz\u00e1cia: 28. 01. 2026<\/p>","protected":false},"excerpt":{"rendered":"<p>Glob\u00e1lna \u00farove\u0148 Pokrok v dosahovan\u00ed cie\u013eov Agendy 2030 sa meria prostredn\u00edctvom indik\u00e1torov udr\u017eate\u013en\u00e9ho rozvoja. Zoznam glob\u00e1lnych indik\u00e1torov bol schv\u00e1len\u00fd Valn\u00fdm zhroma\u017eden\u00edm OSN v j\u00fali 2017. V roku 2017 kone\u010dn\u00fd s\u00fabor indik\u00e1torov pozost\u00e1val z 244 indik\u00e1torov, z toho bolo 232 jedine\u010dn\u00fdch. V marci 2020 bola vykonan\u00e1 komplexn\u00e1 rev\u00edzia, v ktorej bol po\u010det indik\u00e1torov nav\u00fd\u0161en\u00fd na 247 [&hellip;]<\/p>\n","protected":false},"author":2,"featured_media":0,"parent":0,"menu_order":0,"comment_status":"closed","ping_status":"closed","template":"","meta":{"_exactmetrics_skip_tracking":false,"_exactmetrics_sitenote_active":false,"_exactmetrics_sitenote_note":"","_exactmetrics_sitenote_category":0,"footnotes":""},"class_list":["post-1462","page","type-page","status-publish","hentry"],"_links":{"self":[{"href":"https:\/\/agenda2030.statistics.sk\/Agenda2030\/wp-json\/wp\/v2\/pages\/1462","targetHints":{"allow":["GET"]}}],"collection":[{"href":"https:\/\/agenda2030.statistics.sk\/Agenda2030\/wp-json\/wp\/v2\/pages"}],"about":[{"href":"https:\/\/agenda2030.statistics.sk\/Agenda2030\/wp-json\/wp\/v2\/types\/page"}],"author":[{"embeddable":true,"href":"https:\/\/agenda2030.statistics.sk\/Agenda2030\/wp-json\/wp\/v2\/users\/2"}],"replies":[{"embeddable":true,"href":"https:\/\/agenda2030.statistics.sk\/Agenda2030\/wp-json\/wp\/v2\/comments?post=1462"}],"version-history":[{"count":79,"href":"https:\/\/agenda2030.statistics.sk\/Agenda2030\/wp-json\/wp\/v2\/pages\/1462\/revisions"}],"predecessor-version":[{"id":4166,"href":"https:\/\/agenda2030.statistics.sk\/Agenda2030\/wp-json\/wp\/v2\/pages\/1462\/revisions\/4166"}],"wp:attachment":[{"href":"https:\/\/agenda2030.statistics.sk\/Agenda2030\/wp-json\/wp\/v2\/media?parent=1462"}],"curies":[{"name":"wp","href":"https:\/\/api.w.org\/{rel}","templated":true}]}}