{"id":1705,"date":"2018-05-28T09:34:43","date_gmt":"2018-05-28T07:34:43","guid":{"rendered":"https:\/\/agenda2030.statistics.sk\/Agenda2030\/?page_id=1705"},"modified":"2025-09-12T08:46:58","modified_gmt":"2025-09-12T06:46:58","slug":"indikatory","status":"publish","type":"page","link":"https:\/\/agenda2030.statistics.sk\/Agenda2030\/indikatory\/","title":{"rendered":"Indik\u00e1tory"},"content":{"rendered":"<div id=\"pl-1705\"  class=\"panel-layout\" ><div id=\"pg-1705-0\"  class=\"panel-grid panel-has-style\" ><div class=\"center-content aux-fold panel-row-style panel-row-style-for-1705-0\" data-stretch-type=\"boxed\" ><div id=\"pgc-1705-0-0\"  class=\"panel-grid-cell\" ><div id=\"panel-1705-0-0-0\" class=\"so-panel widget widget_text panel-first-child panel-last-child\" data-index=\"0\" >\t\t\t<div class=\"textwidget\"><h2 class=\"first\">Indik\u00e1tory<\/h2>\n<p>Indik\u00e1tory s\u00fa z\u00e1kladn\u00fdm n\u00e1strojom na monitorovanie dosiahnut\u00e9ho pokroku smerom k\u00a0nap\u013a\u0148aniu cie\u013eov Agendy 2030 na <a title=\"(Do nov\u00e9ho okna)\" href=\"https:\/\/agenda2030.statistics.sk\/Agenda2030\/indikatory-globalna-uroven\/\" target=\"_blank\" rel=\"noopener\">glob\u00e1lnej<\/a>, <a title=\"(Do nov\u00e9ho okna)\" href=\"https:\/\/agenda2030.statistics.sk\/Agenda2030\/indikatory-europska-uroven\/\" target=\"_blank\" rel=\"noopener\">eur\u00f3pskej<\/a> a\u00a0n\u00e1rodnej \u00farovni.<\/p>\n<p>Indik\u00e1tor reprezentuje \u0161tatistick\u00e9 \u00fadaje alebo z nich odvoden\u00e9 \u00fadaje z h\u013eadiska \u010dasov\u00e9ho, priestorov\u00e9ho a ostatn\u00fdch charakterist\u00edk. H\u013eadisko \u010dasov\u00e9 a geografick\u00e9 s\u00fa pre \u0161tatistick\u00fd ukazovate\u013e nevyhnutn\u00e9.<\/p>\n<p>Indik\u00e1tory zvy\u010dajne vstupuj\u00fa priamo do n\u00e1rodn\u00fdch, region\u00e1lnych a glob\u00e1lnych polit\u00edk. V strategick\u00fdch oblastiach polit\u00edk s\u00fa d\u00f4le\u017eit\u00e9 na ur\u010dovanie cie\u013eov, sledovanie ich dosahovania a posudzovania \u00fa\u010dinnosti prij\u00edman\u00fdch opatren\u00ed.<\/p>\n<\/div>\n\t\t<\/div><\/div><\/div><\/div><\/div><p class=\"last-updated\">Posledn\u00e1 aktualiz\u00e1cia: 12. 09. 2025<\/p>","protected":false},"excerpt":{"rendered":"<p>Indik\u00e1tory Indik\u00e1tory s\u00fa z\u00e1kladn\u00fdm n\u00e1strojom na monitorovanie dosiahnut\u00e9ho pokroku smerom k\u00a0nap\u013a\u0148aniu cie\u013eov Agendy 2030 na glob\u00e1lnej, eur\u00f3pskej a\u00a0n\u00e1rodnej \u00farovni. Indik\u00e1tor reprezentuje \u0161tatistick\u00e9 \u00fadaje alebo z nich odvoden\u00e9 \u00fadaje z h\u013eadiska \u010dasov\u00e9ho, priestorov\u00e9ho a ostatn\u00fdch charakterist\u00edk. H\u013eadisko \u010dasov\u00e9 a geografick\u00e9 s\u00fa pre \u0161tatistick\u00fd ukazovate\u013e nevyhnutn\u00e9. Indik\u00e1tory zvy\u010dajne vstupuj\u00fa priamo do n\u00e1rodn\u00fdch, region\u00e1lnych a glob\u00e1lnych polit\u00edk. V [&hellip;]<\/p>\n","protected":false},"author":2,"featured_media":0,"parent":0,"menu_order":0,"comment_status":"closed","ping_status":"closed","template":"","meta":{"_exactmetrics_skip_tracking":false,"_exactmetrics_sitenote_active":false,"_exactmetrics_sitenote_note":"","_exactmetrics_sitenote_category":0,"footnotes":""},"class_list":["post-1705","page","type-page","status-publish","hentry"],"_links":{"self":[{"href":"https:\/\/agenda2030.statistics.sk\/Agenda2030\/wp-json\/wp\/v2\/pages\/1705","targetHints":{"allow":["GET"]}}],"collection":[{"href":"https:\/\/agenda2030.statistics.sk\/Agenda2030\/wp-json\/wp\/v2\/pages"}],"about":[{"href":"https:\/\/agenda2030.statistics.sk\/Agenda2030\/wp-json\/wp\/v2\/types\/page"}],"author":[{"embeddable":true,"href":"https:\/\/agenda2030.statistics.sk\/Agenda2030\/wp-json\/wp\/v2\/users\/2"}],"replies":[{"embeddable":true,"href":"https:\/\/agenda2030.statistics.sk\/Agenda2030\/wp-json\/wp\/v2\/comments?post=1705"}],"version-history":[{"count":34,"href":"https:\/\/agenda2030.statistics.sk\/Agenda2030\/wp-json\/wp\/v2\/pages\/1705\/revisions"}],"predecessor-version":[{"id":4027,"href":"https:\/\/agenda2030.statistics.sk\/Agenda2030\/wp-json\/wp\/v2\/pages\/1705\/revisions\/4027"}],"wp:attachment":[{"href":"https:\/\/agenda2030.statistics.sk\/Agenda2030\/wp-json\/wp\/v2\/media?parent=1705"}],"curies":[{"name":"wp","href":"https:\/\/api.w.org\/{rel}","templated":true}]}}