{"id":2323,"date":"2018-06-01T10:53:15","date_gmt":"2018-06-01T08:53:15","guid":{"rendered":"https:\/\/agenda2030.statistics.sk\/Agenda2030\/?page_id=2323"},"modified":"2025-09-12T08:37:37","modified_gmt":"2025-09-12T06:37:37","slug":"domov","status":"publish","type":"page","link":"https:\/\/agenda2030.statistics.sk\/Agenda2030\/","title":{"rendered":"Domov"},"content":{"rendered":"<div id=\"pl-2323\"  class=\"panel-layout\" ><div id=\"pg-2323-0\"  class=\"panel-grid panel-has-style\" ><div class=\"siteorigin-panels-stretch panel-row-style panel-row-style-for-2323-0\" data-stretch-type=\"full\" ><div id=\"pgc-2323-0-0\"  class=\"panel-grid-cell\" ><div id=\"panel-2323-0-0-0\" class=\"widget_text so-panel widget widget_custom_html panel-first-child panel-last-child\" data-index=\"0\" ><div class=\"textwidget custom-html-widget\"><figure class=\"wp-caption\">\n\t<figcaption class=\"wp-caption-text-show\">PRE UDR\u017dATE\u013dN\u00dd ROZVOJ<br \/>AGENDA 2030<\/figcaption>\n\t<img decoding=\"async\" class=\"demo\" src=\"https:\/\/agenda2030.statistics.sk\/Agenda2030\/wp-content\/uploads\/2018\/05\/agenda_2560x900.jpg\" alt=\"Image\" \/>\n<\/figure><\/div><\/div><\/div><\/div><\/div><div id=\"pg-2323-1\"  class=\"panel-grid panel-has-style\" ><div class=\"center-content aux-fold panel-row-style panel-row-style-for-2323-1\" data-stretch-type=\"boxed\" ><div id=\"pgc-2323-1-0\"  class=\"panel-grid-cell\" ><div id=\"panel-2323-1-0-0\" class=\"so-panel widget widget_text panel-first-child panel-last-child\" data-index=\"1\" >\t\t\t<div class=\"textwidget\"><h1>Agenda 2030 pre udr\u017eate\u013en\u00fd rozvoj<\/h1>\n<p>je komplexn\u00fdm s\u00faborom prior\u00edt pre dosiahnutie cie\u013eov udr\u017eate\u013en\u00e9ho rozvoja do roku 2030. Agenda 2030 je bezprecedentn\u00e9ho rozsahu a\u00a0v\u00fdznamu, nie je pr\u00e1vne z\u00e1v\u00e4zn\u00e1, napriek tomu ju akceptuj\u00fa v\u0161etky krajiny. Plat\u00ed pre v\u0161etk\u00fdch, s oh\u013eadom na rozdielne re\u00e1lie, kapacity a \u00farovne rozvoja jednotliv\u00fdch kraj\u00edn, re\u0161pektuj\u00fac n\u00e1rodn\u00e9 politiky a priority. Cie\u013eom je ukon\u010di\u0165 v\u0161etky formy chudoby, bojova\u0165 proti nerovnostiam, rie\u0161i\u0165 zmenu kl\u00edmy a z\u00e1rove\u0148 zabezpe\u010di\u0165, aby nikto nezostal bokom. Na sledovanie t\u00fdchto \u00faloh bolo vyt\u00fd\u010den\u00fdch 17 cie\u013eov udr\u017eate\u013en\u00e9ho rozvoja. Tieto univerz\u00e1lne ciele a \u010diastkov\u00e9 ciele sa t\u00fdkaj\u00fa cel\u00e9ho sveta, rovnako rozvinut\u00fdch ako aj rozvojov\u00fdch kraj\u00edn. S\u00fa komplexn\u00e9 a nedelite\u013en\u00e9 a vytv\u00e1raj\u00fa rovnov\u00e1hu medzi troma rozmermi udr\u017eate\u013en\u00e9ho rozvoja \u2013 ekonomick\u00fdm, soci\u00e1lnym a\u00a0environment\u00e1lnym, a\u00a0to vyv\u00e1\u017een\u00fdm a\u00a0integrovan\u00fdm sp\u00f4sobom.<\/p>\n<p>Agenda 2030 nezav\u00e4zuje \u0161t\u00e1ty ku konkr\u00e9tnym rie\u0161eniam, preto\u017ee situ\u00e1cie a okolnosti v \u0161t\u00e1toch na celom svete s\u00fa r\u00f4zne, preto si v\u0161etky \u0161t\u00e1ty m\u00f4\u017eu na n\u00e1rodnej \u00farovni ur\u010di\u0165 svoje priority.<\/p>\n<p>Centr\u00e1lnu \u00falohu pri dohliadan\u00ed na nadv\u00e4zuj\u00face kroky a rev\u00edzie na glob\u00e1lnej \u00farovni m\u00e1 Politick\u00e9 f\u00f3rum na vysokej \u00farovni pod z\u00e1\u0161titou Valn\u00e9ho zhroma\u017edenia a Hospod\u00e1rskej a soci\u00e1lnej rady.<\/p>\n<p>&nbsp;<\/p>\n<\/div>\n\t\t<\/div><\/div><\/div><\/div><\/div><p class=\"last-updated\">Posledn\u00e1 aktualiz\u00e1cia: 12. 09. 2025<\/p>","protected":false},"excerpt":{"rendered":"<p>Agenda 2030 pre udr\u017eate\u013en\u00fd rozvoj je komplexn\u00fdm s\u00faborom prior\u00edt pre dosiahnutie cie\u013eov udr\u017eate\u013en\u00e9ho rozvoja do roku 2030. Agenda 2030 je bezprecedentn\u00e9ho rozsahu a\u00a0v\u00fdznamu, nie je pr\u00e1vne z\u00e1v\u00e4zn\u00e1, napriek tomu ju akceptuj\u00fa v\u0161etky krajiny. Plat\u00ed pre v\u0161etk\u00fdch, s oh\u013eadom na rozdielne re\u00e1lie, kapacity a \u00farovne rozvoja jednotliv\u00fdch kraj\u00edn, re\u0161pektuj\u00fac n\u00e1rodn\u00e9 politiky a priority. Cie\u013eom je ukon\u010di\u0165 [&hellip;]<\/p>\n","protected":false},"author":2,"featured_media":0,"parent":0,"menu_order":0,"comment_status":"closed","ping_status":"closed","template":"","meta":{"_exactmetrics_skip_tracking":false,"_exactmetrics_sitenote_active":false,"_exactmetrics_sitenote_note":"","_exactmetrics_sitenote_category":0,"footnotes":""},"class_list":["post-2323","page","type-page","status-publish","hentry"],"_links":{"self":[{"href":"https:\/\/agenda2030.statistics.sk\/Agenda2030\/wp-json\/wp\/v2\/pages\/2323","targetHints":{"allow":["GET"]}}],"collection":[{"href":"https:\/\/agenda2030.statistics.sk\/Agenda2030\/wp-json\/wp\/v2\/pages"}],"about":[{"href":"https:\/\/agenda2030.statistics.sk\/Agenda2030\/wp-json\/wp\/v2\/types\/page"}],"author":[{"embeddable":true,"href":"https:\/\/agenda2030.statistics.sk\/Agenda2030\/wp-json\/wp\/v2\/users\/2"}],"replies":[{"embeddable":true,"href":"https:\/\/agenda2030.statistics.sk\/Agenda2030\/wp-json\/wp\/v2\/comments?post=2323"}],"version-history":[{"count":17,"href":"https:\/\/agenda2030.statistics.sk\/Agenda2030\/wp-json\/wp\/v2\/pages\/2323\/revisions"}],"predecessor-version":[{"id":4025,"href":"https:\/\/agenda2030.statistics.sk\/Agenda2030\/wp-json\/wp\/v2\/pages\/2323\/revisions\/4025"}],"wp:attachment":[{"href":"https:\/\/agenda2030.statistics.sk\/Agenda2030\/wp-json\/wp\/v2\/media?parent=2323"}],"curies":[{"name":"wp","href":"https:\/\/api.w.org\/{rel}","templated":true}]}}