{"id":3785,"date":"2020-10-02T10:48:24","date_gmt":"2020-10-02T08:48:24","guid":{"rendered":"https:\/\/agenda2030.statistics.sk\/Agenda2030\/?page_id=3785"},"modified":"2020-10-02T11:22:16","modified_gmt":"2020-10-02T09:22:16","slug":"vyhlasenie-o-pristupnosti","status":"publish","type":"page","link":"https:\/\/agenda2030.statistics.sk\/Agenda2030\/vyhlasenie-o-pristupnosti\/","title":{"rendered":"Vyhl\u00e1senie o pr\u00edstupnosti"},"content":{"rendered":"<div id=\"pl-3785\"  class=\"panel-layout\" ><div id=\"pg-3785-0\"  class=\"panel-grid panel-has-style\" ><div class=\"center-content aux-fold panel-row-style panel-row-style-for-3785-0\" data-stretch-type=\"boxed\" ><div id=\"pgc-3785-0-0\"  class=\"panel-grid-cell\" ><div id=\"panel-3785-0-0-0\" class=\"so-panel widget widget_text panel-first-child panel-last-child\" data-index=\"0\" >\t\t\t<div class=\"textwidget\"><p>&nbsp;<\/p>\n<h2 class=\"first\">Vyhl\u00e1senie o pr\u00edstupnosti<\/h2>\n<p>&nbsp;<\/p>\n<p>\u0160tatistick\u00fd \u00farad Slovenskej republiky m\u00e1 z\u00e1ujem zabezpe\u010di\u0165 pr\u00edstupnos\u0165 svojho webov\u00e9ho s\u00eddla v\u00a0s\u00falade so z\u00e1konom \u010d. 95\/2019 Z. z. o informa\u010dn\u00fdch technol\u00f3gi\u00e1ch vo verejnej spr\u00e1ve a\u00a0pr\u00edslu\u0161n\u00fdmi vykon\u00e1vac\u00edmi predpismi v rozsahu podmienok pod\u013ea smernice (E\u00da) 2016\/2012.<\/p>\n<p>Toto vyhl\u00e1senie o\u00a0pr\u00edstupnosti sa vz\u0165ahuje na webov\u00e9 s\u00eddlo <a title=\"(Do nov\u00e9ho okna) href=\" target=\"_blank\">https:\/\/agenda2030.statistics.sk\/Agenda2030\/<\/a><\/p>\n<p>&nbsp;<br \/>\n<strong>Stav s\u00faladu<\/strong><\/p>\n<p>Toto webov\u00e9 s\u00eddlo je v \u010diasto\u010dnom s\u00falade\u00a0so z\u00e1konom \u010d. 95\/2019 Z. z. o informa\u010dn\u00fdch technol\u00f3gi\u00e1ch vo verejnej spr\u00e1ve a pr\u00edslu\u0161n\u00fdmi vykon\u00e1vac\u00edmi predpismi v rozsahu podmienok pod\u013ea smernice (E\u00da) 2016\/2012 vzh\u013eadom na prvky nes\u00faladu uveden\u00e9 ni\u017e\u0161ie.<\/p>\n<p>&nbsp;<br \/>\n<strong>Nepr\u00edstupn\u00fd obsah<\/strong><\/p>\n<p>Obsah uveden\u00fd ni\u017e\u0161ie nie je pr\u00edstupn\u00fd z t\u00fdchto d\u00f4vodov:<\/p>\n<p>1. Nes\u00falad so smernicou (E\u00da) 2016\/2012 o pr\u00edstupnosti webov\u00fdch s\u00eddel a mobiln\u00fdch aplik\u00e1ci\u00ed subjektov verejn\u00e9ho sektora:<\/p>\n<ul>\n<li>&#8211; Vo formul\u00e1ri pou\u017eitom na vyh\u013ead\u00e1vanie ch\u00fdbaj\u00fa atrib\u00faty label. [Krit\u00e9rium \u00faspe\u0161nosti 1.3.1 Inform\u00e1cie a vz\u00e1jomn\u00e9 vz\u0165ahy]<\/li>\n<li>&#8211; Nedostato\u010dn\u00fd kontrast farby p\u00edsma s\u00a0pozad\u00edm [Krit\u00e9rium \u00faspe\u0161nosti 1.4.3 Minim\u00e1lny kontrast]<\/li>\n<li>&#8211; Nie je k dispoz\u00edcii mechanizmus, ktor\u00fd umo\u017e\u0148uje presko\u010di\u0165 bloky obsahu (napr\u00edklad menu), ktor\u00e9 sa opakuj\u00fa na viacer\u00fdch webov\u00fdch str\u00e1nkach. [Krit\u00e9rium \u00faspe\u0161nosti 2.4.1 Presko\u010denie blokov]<\/li>\n<\/ul>\n<p>2. Nes\u00falad so slovensk\u00fdmi v\u0161eobecne z\u00e1v\u00e4zn\u00fdmi pr\u00e1vnymi predpismi, upravuj\u00facimi \u0161tandardy t\u00fdkaj\u00face sa pr\u00edstupnosti webov\u00fdch s\u00eddel a mobiln\u00fdch aplik\u00e1cii:<\/p>\n<ul>\n<li>&#8211; V r\u00e1mci css \u0161t\u00fdlov sa vyskytuje px pri zad\u00e1van\u00ed ve\u013ekosti p\u00edsma.Ide konkr\u00e9tne o\u00a0obsah generovan\u00fd pluginom. [Pravidlo bodu 2.2 pr\u00edlohy \u010d. 1 k v\u00fdnosu o \u0161tandardoch pre ISVS]<\/li>\n<\/ul>\n<p>&nbsp;<\/p>\n<p><strong>Vypracovanie tohto vyhl\u00e1senia o\u00a0pr\u00edstupnosti<\/strong><\/p>\n<p>Toto vyhl\u00e1senie bolo vypracovan\u00e9 24.4.2020.<\/p>\n<p>Vyhodnotenie s\u00faladu webov\u00e9ho s\u00eddla s\u00a0po\u017eiadavkami z\u00e1kona \u010d. 95\/2019 Z. z. o informa\u010dn\u00fdch technol\u00f3gi\u00e1ch vo verejnej spr\u00e1ve a pr\u00edslu\u0161n\u00fdmi vykon\u00e1vac\u00edmi predpismi v rozsahu podmienok pod\u013ea smernice (E\u00da) 2016\/2012 bolo vykonan\u00e9 samohodnoten\u00edm.<\/p>\n<p>Vyhl\u00e1senie bolo naposledy skontrolovan\u00e9 02.10.2020.<\/p>\n<p>&nbsp;<br \/>\n<strong>Sp\u00e4tn\u00e1 v\u00e4zba a\u00a0kontaktn\u00e9 inform\u00e1cie<\/strong><\/p>\n<p>V pr\u00edpade ak\u00fdchko\u013evek probl\u00e9mov s pr\u00edstupnos\u0165ou webov\u00e9ho s\u00eddla n\u00e1s, pros\u00edm, kontaktujte na e-mailovej adrese:\u00a0<a href=\"mailto:portal@statistics.sk\">portal@statistics.sk<\/a>.\u00a0Spr\u00e1vcom a\u00a0prev\u00e1dzkovate\u013eom webov\u00e9ho s\u00eddla je \u0160tatistick\u00fd \u00farad Slovenskej republiky.<\/p>\n<p>&nbsp;<br \/>\n<strong>Vynucovacie konanie<\/strong><\/p>\n<p>V\u00a0pr\u00edpade neuspokojiv\u00fdch odpoved\u00ed na podnety alebo \u017eiadosti zaslan\u00e9 v\u00a0r\u00e1mci sp\u00e4tnej v\u00e4zby subjektu verejn\u00e9ho sektora v\u00a0s\u00falade s\u00a0<u><a href=\"https:\/\/eur-lex.europa.eu\/legal-content\/SK\/TXT\/?uri=uriserv:OJ.L_.2016.327.01.0001.01.SLK&amp;toc=OJ:L:2016:327:TOC\">\u010dl. 7 ods. 1 p\u00edsm. b) smernice Eur\u00f3pskeho parlamentu<\/a><\/u> sa m\u00f4\u017eete obr\u00e1ti\u0165 v\u00a0r\u00e1mci vynucovacieho konania na subjekt poveren\u00fd presadzovan\u00edm Smernice, ktor\u00fdm je Ministerstvo invest\u00edci\u00ed, region\u00e1lneho rozvoja a informatiz\u00e1cie Slovenskej republiky na e-mailovej adrese:\u00a0<u><a href=\"mailto:standard@vicepremier.gov.sk\">standard@vicepremier.gov.sk<\/a><\/u><\/p>\n<\/div>\n\t\t<\/div><\/div><\/div><\/div><div id=\"pg-3785-1\"  class=\"panel-grid panel-has-style\" ><div class=\"center-content aux-fold panel-row-style panel-row-style-for-3785-1\" data-stretch-type=\"boxed\" ><div id=\"pgc-3785-1-0\"  class=\"panel-grid-cell panel-grid-cell-empty\" ><\/div><\/div><\/div><div id=\"pg-3785-2\"  class=\"panel-grid panel-has-style\" ><div class=\"center-content aux-fold panel-row-style panel-row-style-for-3785-2\" data-stretch-type=\"boxed\" ><div id=\"pgc-3785-2-0\"  class=\"panel-grid-cell panel-grid-cell-empty\" ><\/div><\/div><\/div><\/div><p class=\"last-updated\">Posledn\u00e1 aktualiz\u00e1cia: <\/p>","protected":false},"excerpt":{"rendered":"<p>&nbsp; Vyhl\u00e1senie o pr\u00edstupnosti &nbsp; \u0160tatistick\u00fd \u00farad Slovenskej republiky m\u00e1 z\u00e1ujem zabezpe\u010di\u0165 pr\u00edstupnos\u0165 svojho webov\u00e9ho s\u00eddla v\u00a0s\u00falade so z\u00e1konom \u010d. 95\/2019 Z. z. o informa\u010dn\u00fdch technol\u00f3gi\u00e1ch vo verejnej spr\u00e1ve a\u00a0pr\u00edslu\u0161n\u00fdmi vykon\u00e1vac\u00edmi predpismi v rozsahu podmienok pod\u013ea smernice (E\u00da) 2016\/2012. Toto vyhl\u00e1senie o\u00a0pr\u00edstupnosti sa vz\u0165ahuje na webov\u00e9 s\u00eddlo https:\/\/agenda2030.statistics.sk\/Agenda2030\/ &nbsp; Stav s\u00faladu Toto webov\u00e9 s\u00eddlo je [&hellip;]<\/p>\n","protected":false},"author":7,"featured_media":0,"parent":0,"menu_order":0,"comment_status":"closed","ping_status":"closed","template":"","meta":{"_exactmetrics_skip_tracking":false,"_exactmetrics_sitenote_active":false,"_exactmetrics_sitenote_note":"","_exactmetrics_sitenote_category":0,"footnotes":""},"class_list":["post-3785","page","type-page","status-publish","hentry"],"_links":{"self":[{"href":"https:\/\/agenda2030.statistics.sk\/Agenda2030\/wp-json\/wp\/v2\/pages\/3785","targetHints":{"allow":["GET"]}}],"collection":[{"href":"https:\/\/agenda2030.statistics.sk\/Agenda2030\/wp-json\/wp\/v2\/pages"}],"about":[{"href":"https:\/\/agenda2030.statistics.sk\/Agenda2030\/wp-json\/wp\/v2\/types\/page"}],"author":[{"embeddable":true,"href":"https:\/\/agenda2030.statistics.sk\/Agenda2030\/wp-json\/wp\/v2\/users\/7"}],"replies":[{"embeddable":true,"href":"https:\/\/agenda2030.statistics.sk\/Agenda2030\/wp-json\/wp\/v2\/comments?post=3785"}],"version-history":[{"count":7,"href":"https:\/\/agenda2030.statistics.sk\/Agenda2030\/wp-json\/wp\/v2\/pages\/3785\/revisions"}],"predecessor-version":[{"id":3793,"href":"https:\/\/agenda2030.statistics.sk\/Agenda2030\/wp-json\/wp\/v2\/pages\/3785\/revisions\/3793"}],"wp:attachment":[{"href":"https:\/\/agenda2030.statistics.sk\/Agenda2030\/wp-json\/wp\/v2\/media?parent=3785"}],"curies":[{"name":"wp","href":"https:\/\/api.w.org\/{rel}","templated":true}]}}