{"id":562,"date":"2018-05-11T08:59:40","date_gmt":"2018-05-11T06:59:40","guid":{"rendered":"https:\/\/agenda2030.statistics.sk\/Agenda2030\/?page_id=562"},"modified":"2025-10-09T14:04:51","modified_gmt":"2025-10-09T12:04:51","slug":"publikacie","status":"publish","type":"page","link":"https:\/\/agenda2030.statistics.sk\/Agenda2030\/publikacie\/","title":{"rendered":"Publik\u00e1cie"},"content":{"rendered":"<div id=\"pl-562\"  class=\"panel-layout\" ><div id=\"pg-562-0\"  class=\"panel-grid panel-has-style\" ><div class=\"center-content aux-fold panel-row-style panel-row-style-for-562-0\" data-stretch-type=\"boxed\" ><div id=\"pgc-562-0-0\"  class=\"panel-grid-cell\" ><div id=\"panel-562-0-0-0\" class=\"so-panel widget widget_text panel-first-child panel-last-child\" data-index=\"0\" >\t\t\t<div class=\"textwidget\"><h2 class=\"first\">Glob\u00e1lna \u00farove\u0148<\/h2>\n<p><img loading=\"lazy\" decoding=\"async\" class=\"size-full wp-image-4042 alignleft\" src=\"https:\/\/agenda2030.statistics.sk\/Agenda2030\/wp-content\/uploads\/2025\/10\/UN_The_Sustainable_Development_Goals_Report_2025_115x163.png\" alt=\"\" width=\"115\" height=\"163\" \/>Spr\u00e1vy a publik\u00e1cie o\u00a0pokroku dosiahnutom pri nap\u013a\u0148an\u00ed cie\u013eov udr\u017eate\u013en\u00e9ho rozvoja, ktor\u00e9 OSN vyprac\u00fava od roku 2016, sa zverej\u0148uj\u00fa na <a title=\"(Do nov\u00e9ho okna)\" href=\"https:\/\/unstats.un.org\/sdgs\" target=\"_blank\" rel=\"noopener\">ofici\u00e1lnom webovom s\u00eddle OSN<\/a>.<\/p>\n<\/div>\n\t\t<\/div><\/div><\/div><\/div><div id=\"pg-562-1\"  class=\"panel-grid panel-has-style\" ><div class=\"center-content aux-fold panel-row-style panel-row-style-for-562-1\" data-stretch-type=\"boxed\" ><div id=\"pgc-562-1-0\"  class=\"panel-grid-cell\" ><div id=\"panel-562-1-0-0\" class=\"so-panel widget widget_text panel-first-child panel-last-child\" data-index=\"1\" >\t\t\t<div class=\"textwidget\"><h2 class=\"\">Eur\u00f3pska \u00farove\u0148<\/h2>\n<p><img loading=\"lazy\" decoding=\"async\" class=\"size-full wp-image-4117 alignleft\" src=\"https:\/\/agenda2030.statistics.sk\/Agenda2030\/wp-content\/uploads\/2025\/10\/Monit_sprava_eurostat_2025_115x163.png\" alt=\"\" width=\"115\" height=\"163\" \/>Publik\u00e1ciou <a title=\"(Do nov\u00e9ho okna)\" href=\"https:\/\/ec.europa.eu\/eurostat\/en\/web\/products-flagship-publications\/w\/ks-01-24-018\" target=\"_blank\" rel=\"noopener\">Udr\u017eate\u013en\u00fd rozvoj v Eur\u00f3pskej \u00fanii &#8211; Monitorovacia spr\u00e1va o pokroku dosiahnutom v s\u00favislosti s cie\u013emi udr\u017eate\u013en\u00e9ho rozvoja v kontexte E\u00da<\/a> Eurostat od\u0161tartoval pravideln\u00e9 monitorovanie pokroku smerom k cie\u013eom udr\u017eate\u013en\u00e9ho rozvoja v kontexte E\u00da. Viac inform\u00e1ci\u00ed n\u00e1jdete na <a title=\"(Do nov\u00e9ho okna)\" href=\"https:\/\/ec.europa.eu\/eurostat\/web\/products-flagship-publications\/w\/ks-01-24-018\" target=\"_blank\" rel=\"noopener\">ofici\u00e1lnej str\u00e1nke Eurostatu<\/a>, na ktorej s\u00fa dostupn\u00e9 na stiahnutie publik\u00e1cie zameran\u00e9 na monitorovanie udr\u017eate\u013en\u00e9ho rozvoja.<\/p>\n<\/div>\n\t\t<\/div><\/div><\/div><\/div><div id=\"pg-562-2\"  class=\"panel-grid panel-has-style\" ><div class=\"center-content aux-fold panel-row-style panel-row-style-for-562-2\" data-stretch-type=\"boxed\" ><div id=\"pgc-562-2-0\"  class=\"panel-grid-cell\" ><div id=\"panel-562-2-0-0\" class=\"so-panel widget widget_text panel-first-child panel-last-child\" data-index=\"2\" >\t\t\t<div class=\"textwidget\"><h2 class=\"\">N\u00e1rodn\u00e1 \u00farove\u0148<\/h2>\n<p><img loading=\"lazy\" decoding=\"async\" class=\"size-full wp-image-4045 alignleft\" src=\"https:\/\/agenda2030.statistics.sk\/Agenda2030\/wp-content\/uploads\/2025\/10\/Indikatory_2025_115x163.png\" alt=\"\" width=\"115\" height=\"163\" \/><\/p>\n<p>\u0160tatistick\u00fd \u00farad SR vydal v j\u00fani 2025 publik\u00e1ciu <a href=\"https:\/\/agenda2030.statistics.sk\/Agenda2030\/wp-content\/uploads\/2025\/09\/Indikatory_trvalo_udrzatelneho_rozvoja_Agendy_2030_v_SR_Aktualny_stav_2025.pdf\" target=\"_blank\" rel=\"noopener\">Indik\u00e1tory trvalo udr\u017eate\u013en\u00e9ho rozvoja Agendy 2030 v SR (Aktu\u00e1lny stav v roku 2025)<\/a> (PDF 2,5 MB). Cie\u013eom publik\u00e1cie je poskytnutie komplexn\u00e9ho informat\u00edvneho preh\u013eadu plnenia indik\u00e1torov zo 16 cie\u013eov Agendy 2030 za Slovensk\u00fa republiku v datab\u00e1ze OSN. Dostupnos\u0165 \u00fadajov je prezentovan\u00e1 prostredn\u00edctvom grafickej a tabu\u013ekovej \u010dasti, metodick\u00e1 \u010das\u0165 poskytuje stru\u010dn\u00fa charakteristiku ka\u017ed\u00e9ho indik\u00e1tora. Publik\u00e1cia obsahuje aj porovnanie kraj\u00edn V4 vo vybran\u00fdch indik\u00e1toroch.<\/p>\n<p>&nbsp;<\/p>\n<p>&nbsp;<\/p>\n<p>&nbsp;<\/p>\n<p><img loading=\"lazy\" decoding=\"async\" class=\"size-full wp-image-4085 alignleft\" src=\"https:\/\/agenda2030.statistics.sk\/Agenda2030\/wp-content\/uploads\/2025\/10\/agenda2030_verzia2023_115x163.png\" alt=\"\" width=\"115\" height=\"163\" \/><\/p>\n<p>V\u00a0 marci 2023 bola vydan\u00e1 publik\u00e1cia <a href=\"https:\/\/agenda2030.statistics.sk\/Agenda2030\/wp-content\/uploads\/2023\/03\/Slovenska_republika_a_ciele_udrzatelnoho_rozvoja_Agendy_2030_2_vydanie.pdf\" target=\"_blank\" rel=\"noopener\">Slovensk\u00e1 republika a ciele udr\u017eate\u013en\u00e9ho rozvoja Agendy 2030<\/a> (PDF 1 MB), ktor\u00e1 poskytuje komplexn\u00e9 kvantitat\u00edvne hodnotenie pokroku Slovenskej republiky pri dosahovan\u00ed 17 cie\u013eov udr\u017eate\u013en\u00e9ho rozvoja Agendy 2030. Hodnotenie plnenia t\u00fdchto cie\u013eov schv\u00e1lila vl\u00e1da SR v j\u00fani 2022 vo forme monitorovacej spr\u00e1vy <a title=\"(Do nov\u00e9ho okna)\" href=\"https:\/\/rokovania.gov.sk\/RVL\/Material\/27359\/1\" target=\"_blank\" rel=\"noopener\">\u201eDruh\u00e1 spr\u00e1va o dosiahnut\u00fdch v\u00fdsledkoch v n\u00e1rodn\u00fdch priorit\u00e1ch implement\u00e1cie Agendy 2030\u201c<\/a>.<br \/>\nPublik\u00e1cia prin\u00e1\u0161a v\u00fdber hodnoten\u00ed indik\u00e1torov s cie\u013eom zv\u00fd\u0161i\u0165 z\u00e1ujem o nap\u013a\u0148anie cie\u013eov agendy a in\u0161pirova\u0165 ob\u010danov k aktivit\u00e1m, ktor\u00e9 podporia udr\u017eate\u013en\u00fd rozvoj.<\/p>\n<p>&nbsp;<\/p>\n<p><img loading=\"lazy\" decoding=\"async\" class=\"size-full wp-image-4044 alignleft\" src=\"https:\/\/agenda2030.statistics.sk\/Agenda2030\/wp-content\/uploads\/2025\/10\/Krajiny_Vysehradskej_skupiny_2019_115x163.png\" alt=\"\" width=\"115\" height=\"163\" \/><\/p>\n<p>Publik\u00e1ciu\u00a0<a title=\"(Do nov\u00e9ho okna)\" href=\"https:\/\/slovak.statistics.sk\/wps\/wcm\/connect\/6e3bde26-ac26-48a1-8fe8-63576f69c3c6\/Krajiny_Vysehradskej_skupiny_2019.pdf?MOD=AJPERES&amp;CACHEID=ROOTWORKSPACE-6e3bde26-ac26-48a1-8fe8-63576f69c3c6-mDtacem\" target=\"_blank\" rel=\"noopener\">Krajiny Vy\u0161ehradskej skupiny: vybran\u00e9 indik\u00e1tory udr\u017eate\u013en\u00e9ho v\u00fdvoja Agendy 2030<\/a>\u00a0(PDF 2 MB) pripravil \u0160tatistick\u00fd \u00farad SR v\u00a0 spolupr\u00e1ci s\u00a0n\u00e1rodn\u00fdmi \u0161tatistick\u00fdmi \u00faradmi kraj\u00edn V4 pri pr\u00edle\u017eitosti slovensk\u00e9ho predsedn\u00edctva vo Vy\u0161ehradskej \u0161tvorke.<\/p>\n<p>&nbsp;<\/p>\n<p>&nbsp;<\/p>\n<p>&nbsp;<\/p>\n<p>&nbsp;<\/p>\n<p><img loading=\"lazy\" decoding=\"async\" class=\"size-full wp-image-4048 alignleft\" src=\"https:\/\/agenda2030.statistics.sk\/Agenda2030\/wp-content\/uploads\/2025\/10\/agenda2030_verzia2016_115x163.png\" alt=\"\" width=\"115\" height=\"163\" \/><\/p>\n<p>\u0160tatistick\u00fd \u00farad SR vypracoval v roku 2016 publik\u00e1ciu <a title=\"(Do nov\u00e9ho okna)\" href=\"https:\/\/slovak.statistics.sk\/PortalTraffic\/fileServlet?Dokument=4b174368-722f-4505-b95c-7a345cf5cf3c\" target=\"_blank\" rel=\"noopener\">Slovensk\u00e1 republika a ciele udr\u017eate\u013en\u00e9ho rozvoja Agendy 2030<\/a> (PDF 6,7 MB), ktor\u00e1 poskytuje ucelen\u00fd \u0161tatistick\u00fd poh\u013ead na plnenie cie\u013eov udr\u017eate\u013en\u00e9ho rozvoja Agendy 2030 v SR a popisuje poz\u00edciu Slovenska v r\u00e1mci Eur\u00f3pskej \u00fanie re\u0161pektuj\u00fac 17 cie\u013eov Agendy 2030.<\/p>\n<\/div>\n\t\t<\/div><\/div><\/div><\/div><\/div><p class=\"last-updated\">Posledn\u00e1 aktualiz\u00e1cia: 09. 10. 2025<\/p>","protected":false},"excerpt":{"rendered":"<p>Glob\u00e1lna \u00farove\u0148 Spr\u00e1vy a publik\u00e1cie o\u00a0pokroku dosiahnutom pri nap\u013a\u0148an\u00ed cie\u013eov udr\u017eate\u013en\u00e9ho rozvoja, ktor\u00e9 OSN vyprac\u00fava od roku 2016, sa zverej\u0148uj\u00fa na ofici\u00e1lnom webovom s\u00eddle OSN. Eur\u00f3pska \u00farove\u0148 Publik\u00e1ciou Udr\u017eate\u013en\u00fd rozvoj v Eur\u00f3pskej \u00fanii &#8211; Monitorovacia spr\u00e1va o pokroku dosiahnutom v s\u00favislosti s cie\u013emi udr\u017eate\u013en\u00e9ho rozvoja v kontexte E\u00da Eurostat od\u0161tartoval pravideln\u00e9 monitorovanie pokroku smerom k [&hellip;]<\/p>\n","protected":false},"author":2,"featured_media":0,"parent":0,"menu_order":0,"comment_status":"closed","ping_status":"closed","template":"","meta":{"_exactmetrics_skip_tracking":false,"_exactmetrics_sitenote_active":false,"_exactmetrics_sitenote_note":"","_exactmetrics_sitenote_category":0,"footnotes":""},"class_list":["post-562","page","type-page","status-publish","hentry"],"_links":{"self":[{"href":"https:\/\/agenda2030.statistics.sk\/Agenda2030\/wp-json\/wp\/v2\/pages\/562","targetHints":{"allow":["GET"]}}],"collection":[{"href":"https:\/\/agenda2030.statistics.sk\/Agenda2030\/wp-json\/wp\/v2\/pages"}],"about":[{"href":"https:\/\/agenda2030.statistics.sk\/Agenda2030\/wp-json\/wp\/v2\/types\/page"}],"author":[{"embeddable":true,"href":"https:\/\/agenda2030.statistics.sk\/Agenda2030\/wp-json\/wp\/v2\/users\/2"}],"replies":[{"embeddable":true,"href":"https:\/\/agenda2030.statistics.sk\/Agenda2030\/wp-json\/wp\/v2\/comments?post=562"}],"version-history":[{"count":93,"href":"https:\/\/agenda2030.statistics.sk\/Agenda2030\/wp-json\/wp\/v2\/pages\/562\/revisions"}],"predecessor-version":[{"id":4119,"href":"https:\/\/agenda2030.statistics.sk\/Agenda2030\/wp-json\/wp\/v2\/pages\/562\/revisions\/4119"}],"wp:attachment":[{"href":"https:\/\/agenda2030.statistics.sk\/Agenda2030\/wp-json\/wp\/v2\/media?parent=562"}],"curies":[{"name":"wp","href":"https:\/\/api.w.org\/{rel}","templated":true}]}}