{"id":581,"date":"2018-05-11T09:13:45","date_gmt":"2018-05-11T07:13:45","guid":{"rendered":"https:\/\/agenda2030.statistics.sk\/Agenda2030\/?page_id=581"},"modified":"2025-09-12T08:49:02","modified_gmt":"2025-09-12T06:49:02","slug":"indikatory-europska-uroven","status":"publish","type":"page","link":"https:\/\/agenda2030.statistics.sk\/Agenda2030\/indikatory-europska-uroven\/","title":{"rendered":"Indik\u00e1tory &#8211; Eur\u00f3pska \u00farove\u0148"},"content":{"rendered":"<div id=\"pl-581\"  class=\"panel-layout\" ><div id=\"pg-581-0\"  class=\"panel-grid panel-has-style\" ><div class=\"center-content aux-fold panel-row-style panel-row-style-for-581-0\" data-stretch-type=\"boxed\" ><div id=\"pgc-581-0-0\"  class=\"panel-grid-cell\" ><div id=\"panel-581-0-0-0\" class=\"so-panel widget widget_text panel-first-child panel-last-child\" data-index=\"0\" >\t\t\t<div class=\"textwidget\"><h2 class=\"first\">Eur\u00f3pska \u00farove\u0148<\/h2>\n<p>Eurostat pravidelne monitoruje pokrok smerom k\u00a0cie\u013eom udr\u017eate\u013en\u00e9ho rozvoja Agendy 2030 v kontexte E\u00da. Na tento \u00fa\u010del pou\u017e\u00edva s\u00fabor indik\u00e1torov E\u00da SDG a\u00a0je poveren\u00fd jeho spr\u00e1vou. Vypracov\u00e1va tie\u017e pravideln\u00e9 \u0161tatistick\u00e9 monitorovacie spr\u00e1vy o pokroku smerom k cie\u013eom udr\u017eate\u013en\u00e9ho rozvoja v kontexte E\u00da. Aktu\u00e1lna spr\u00e1va pre rok 2025 je zalo\u017een\u00e1 na s\u00fabore obsahuj\u00facom 102 indik\u00e1torov, z ktor\u00fdch je 35 indik\u00e1torov viac\u00fa\u010delov\u00fdch, t. j. pou\u017e\u00edvaj\u00fa sa na monitorovanie viac ako jedn\u00e9ho cie\u013ea. S\u00fabor indik\u00e1torov je otvoren\u00fd, pravidelne sa reviduje v\u00a0s\u00falade s\u00a0bud\u00facim politick\u00fdm v\u00fdvojom. Posudzuj\u00fa sa tie\u017e nov\u00e9 indik\u00e1tory, v\u00a0pr\u00edpade, \u017ee s\u00fa dostupn\u00e9 zdroje \u00fadajov a metodika.<\/p>\n<p>Viac inform\u00e1ci\u00ed n\u00e1jdete na ofici\u00e1lnych str\u00e1nkach Eurostatu <a title=\"(Do nov\u00e9ho okna)\" href=\"http:\/\/ec.europa.eu\/eurostat\/web\/sdi\/key-findings\" target=\"_blank\" rel=\"noopener\">K\u013e\u00fa\u010dov\u00e9 zistenia<\/a> a <a title=\"(Do nov\u00e9ho okna)\" href=\"http:\/\/ec.europa.eu\/eurostat\/web\/sdi\/database\" target=\"_blank\" rel=\"noopener\">Indik\u00e1tory<\/a>.<\/p>\n<\/div>\n\t\t<\/div><\/div><\/div><\/div><\/div><p class=\"last-updated\">Posledn\u00e1 aktualiz\u00e1cia: 12. 09. 2025<\/p>","protected":false},"excerpt":{"rendered":"<p>Eur\u00f3pska \u00farove\u0148 Eurostat pravidelne monitoruje pokrok smerom k\u00a0cie\u013eom udr\u017eate\u013en\u00e9ho rozvoja Agendy 2030 v kontexte E\u00da. Na tento \u00fa\u010del pou\u017e\u00edva s\u00fabor indik\u00e1torov E\u00da SDG a\u00a0je poveren\u00fd jeho spr\u00e1vou. Vypracov\u00e1va tie\u017e pravideln\u00e9 \u0161tatistick\u00e9 monitorovacie spr\u00e1vy o pokroku smerom k cie\u013eom udr\u017eate\u013en\u00e9ho rozvoja v kontexte E\u00da. Aktu\u00e1lna spr\u00e1va pre rok 2025 je zalo\u017een\u00e1 na s\u00fabore obsahuj\u00facom 102 indik\u00e1torov, [&hellip;]<\/p>\n","protected":false},"author":2,"featured_media":0,"parent":0,"menu_order":0,"comment_status":"closed","ping_status":"closed","template":"","meta":{"_exactmetrics_skip_tracking":false,"_exactmetrics_sitenote_active":false,"_exactmetrics_sitenote_note":"","_exactmetrics_sitenote_category":0,"footnotes":""},"class_list":["post-581","page","type-page","status-publish","hentry"],"_links":{"self":[{"href":"https:\/\/agenda2030.statistics.sk\/Agenda2030\/wp-json\/wp\/v2\/pages\/581","targetHints":{"allow":["GET"]}}],"collection":[{"href":"https:\/\/agenda2030.statistics.sk\/Agenda2030\/wp-json\/wp\/v2\/pages"}],"about":[{"href":"https:\/\/agenda2030.statistics.sk\/Agenda2030\/wp-json\/wp\/v2\/types\/page"}],"author":[{"embeddable":true,"href":"https:\/\/agenda2030.statistics.sk\/Agenda2030\/wp-json\/wp\/v2\/users\/2"}],"replies":[{"embeddable":true,"href":"https:\/\/agenda2030.statistics.sk\/Agenda2030\/wp-json\/wp\/v2\/comments?post=581"}],"version-history":[{"count":35,"href":"https:\/\/agenda2030.statistics.sk\/Agenda2030\/wp-json\/wp\/v2\/pages\/581\/revisions"}],"predecessor-version":[{"id":4028,"href":"https:\/\/agenda2030.statistics.sk\/Agenda2030\/wp-json\/wp\/v2\/pages\/581\/revisions\/4028"}],"wp:attachment":[{"href":"https:\/\/agenda2030.statistics.sk\/Agenda2030\/wp-json\/wp\/v2\/media?parent=581"}],"curies":[{"name":"wp","href":"https:\/\/api.w.org\/{rel}","templated":true}]}}