{"id":804,"date":"2018-05-17T11:04:44","date_gmt":"2018-05-17T09:04:44","guid":{"rendered":"https:\/\/agenda2030.statistics.sk\/Agenda2030\/?page_id=804"},"modified":"2022-03-03T09:12:10","modified_gmt":"2022-03-03T08:12:10","slug":"kontakt","status":"publish","type":"page","link":"https:\/\/agenda2030.statistics.sk\/Agenda2030\/kontakt\/","title":{"rendered":"Kontakt"},"content":{"rendered":"<div id=\"pl-804\"  class=\"panel-layout\" ><div id=\"pg-804-0\"  class=\"panel-grid panel-has-style\" ><div class=\"center-content aux-fold panel-row-style panel-row-style-for-804-0\" data-stretch-type=\"boxed\" ><div id=\"pgc-804-0-0\"  class=\"panel-grid-cell\" ><div id=\"panel-804-0-0-0\" class=\"so-panel widget widget_text panel-first-child panel-last-child\" data-index=\"0\" >\t\t\t<div class=\"textwidget\"><h2 class=\"first\">Kontaktujte n\u00e1s<\/h2>\n<p>V\u00a0pr\u00edpade potreby \u010fal\u0161\u00edch inform\u00e1ci\u00ed n\u00e1s kontaktujte, pros\u00edm, na adrese <a href=\"mailto:info@statistics.sk\">info@statistics.sk<\/a>.<\/p>\n<\/div>\n\t\t<\/div><\/div><\/div><\/div><\/div><p class=\"last-updated\">Posledn\u00e1 aktualiz\u00e1cia: 03. 03. 2022<\/p>","protected":false},"excerpt":{"rendered":"<p>Kontaktujte n\u00e1s V\u00a0pr\u00edpade potreby \u010fal\u0161\u00edch inform\u00e1ci\u00ed n\u00e1s kontaktujte, pros\u00edm, na adrese info@statistics.sk.<\/p>\n","protected":false},"author":2,"featured_media":0,"parent":0,"menu_order":0,"comment_status":"closed","ping_status":"closed","template":"","meta":{"_exactmetrics_skip_tracking":false,"_exactmetrics_sitenote_active":false,"_exactmetrics_sitenote_note":"","_exactmetrics_sitenote_category":0,"footnotes":""},"class_list":["post-804","page","type-page","status-publish","hentry"],"_links":{"self":[{"href":"https:\/\/agenda2030.statistics.sk\/Agenda2030\/wp-json\/wp\/v2\/pages\/804","targetHints":{"allow":["GET"]}}],"collection":[{"href":"https:\/\/agenda2030.statistics.sk\/Agenda2030\/wp-json\/wp\/v2\/pages"}],"about":[{"href":"https:\/\/agenda2030.statistics.sk\/Agenda2030\/wp-json\/wp\/v2\/types\/page"}],"author":[{"embeddable":true,"href":"https:\/\/agenda2030.statistics.sk\/Agenda2030\/wp-json\/wp\/v2\/users\/2"}],"replies":[{"embeddable":true,"href":"https:\/\/agenda2030.statistics.sk\/Agenda2030\/wp-json\/wp\/v2\/comments?post=804"}],"version-history":[{"count":33,"href":"https:\/\/agenda2030.statistics.sk\/Agenda2030\/wp-json\/wp\/v2\/pages\/804\/revisions"}],"predecessor-version":[{"id":3908,"href":"https:\/\/agenda2030.statistics.sk\/Agenda2030\/wp-json\/wp\/v2\/pages\/804\/revisions\/3908"}],"wp:attachment":[{"href":"https:\/\/agenda2030.statistics.sk\/Agenda2030\/wp-json\/wp\/v2\/media?parent=804"}],"curies":[{"name":"wp","href":"https:\/\/api.w.org\/{rel}","templated":true}]}}